{"id":2983,"date":"2025-01-14T14:35:36","date_gmt":"2025-01-14T13:35:36","guid":{"rendered":"https:\/\/www.marcoriederer.at\/blog\/?page_id=2983"},"modified":"2025-01-30T15:18:50","modified_gmt":"2025-01-30T14:18:50","slug":"fussball","status":"publish","type":"page","link":"https:\/\/www.marcoriederer.at\/blog\/fussball\/","title":{"rendered":"Fu\u00dfball"},"content":{"rendered":"\t\t<div data-elementor-type=\"wp-page\" data-elementor-id=\"2983\" class=\"elementor elementor-2983\" data-elementor-post-type=\"page\">\n\t\t\t\t\t\t<section class=\"elementor-section elementor-top-section elementor-element elementor-element-7424c5e0 elementor-section-height-min-height elementor-section-boxed elementor-section-height-default elementor-section-items-middle\" data-id=\"7424c5e0\" data-element_type=\"section\">\n\t\t\t\t\t\t<div class=\"elementor-container elementor-column-gap-default\">\n\t\t\t\t\t<div class=\"elementor-column elementor-col-100 elementor-top-column elementor-element elementor-element-435ec8da\" data-id=\"435ec8da\" data-element_type=\"column\">\n\t\t\t<div class=\"elementor-widget-wrap elementor-element-populated\">\n\t\t\t\t\t\t<div class=\"elementor-element elementor-element-5ac50e9b elementor-widget elementor-widget-heading\" data-id=\"5ac50e9b\" data-element_type=\"widget\" data-widget_type=\"heading.default\">\n\t\t\t\t<div class=\"elementor-widget-container\">\n\t\t\t\t\t<h1 class=\"elementor-heading-title elementor-size-default\">Fu\u00dfball<\/h1>\t\t\t\t<\/div>\n\t\t\t\t<\/div>\n\t\t\t\t<div class=\"elementor-element elementor-element-3a3bdf2c elementor-invisible elementor-widget elementor-widget-heading\" data-id=\"3a3bdf2c\" data-element_type=\"widget\" data-settings=\"{&quot;_animation&quot;:&quot;zoomIn&quot;}\" data-widget_type=\"heading.default\">\n\t\t\t\t<div class=\"elementor-widget-container\">\n\t\t\t\t\t<h2 class=\"elementor-heading-title elementor-size-default\">mehr als nur ein Sport - ein Lebensgef\u00fchl<\/h2>\t\t\t\t<\/div>\n\t\t\t\t<\/div>\n\t\t\t\t\t<\/div>\n\t\t<\/div>\n\t\t\t\t\t<\/div>\n\t\t<\/section>\n\t\t\t\t<section class=\"elementor-section elementor-top-section elementor-element elementor-element-65522c08 elementor-reverse-tablet elementor-reverse-mobile elementor-section-content-middle elementor-section-boxed elementor-section-height-default elementor-section-height-default\" data-id=\"65522c08\" data-element_type=\"section\">\n\t\t\t\t\t\t<div class=\"elementor-container elementor-column-gap-default\">\n\t\t\t\t\t<div class=\"elementor-column elementor-col-50 elementor-top-column elementor-element elementor-element-449f1d29\" data-id=\"449f1d29\" data-element_type=\"column\">\n\t\t\t<div class=\"elementor-widget-wrap elementor-element-populated\">\n\t\t\t\t\t\t<div class=\"elementor-element elementor-element-617d72e6 elementor-widget elementor-widget-heading\" data-id=\"617d72e6\" data-element_type=\"widget\" data-widget_type=\"heading.default\">\n\t\t\t\t<div class=\"elementor-widget-container\">\n\t\t\t\t\t<h2 class=\"elementor-heading-title elementor-size-default\">Leidenschaft auf <br>und neben dem Platz<\/h2>\t\t\t\t<\/div>\n\t\t\t\t<\/div>\n\t\t\t\t<div class=\"elementor-element elementor-element-ce63805 elementor-widget elementor-widget-text-editor\" data-id=\"ce63805\" data-element_type=\"widget\" data-widget_type=\"text-editor.default\">\n\t\t\t\t<div class=\"elementor-widget-container\">\n\t\t\t\t\t\t\t\t\t<div data-pm-slice=\"1 1 []\" data-en-clipboard=\"true\">Seit Jahren begleite ich die \u00f6sterreichische Nationalmannschaft zu nahezu jedem Bewerbs- und Freundschaftsspiel, oft mit meinem Vater an meiner Seite und stets im Fansektor. Diese gemeinsamen Erlebnisse sind f\u00fcr mich unbezahlbar und Teil meines pers\u00f6nlichen Fu\u00dfball-Kapitels.<\/div><div data-pm-slice=\"1 1 []\" data-en-clipboard=\"true\">\u00a0<\/div><div data-pm-slice=\"1 1 []\" data-en-clipboard=\"true\">\u00a0<\/div>\t\t\t\t\t\t\t\t<\/div>\n\t\t\t\t<\/div>\n\t\t\t\t\t<\/div>\n\t\t<\/div>\n\t\t\t\t<div class=\"elementor-column elementor-col-50 elementor-top-column elementor-element elementor-element-55e5721b\" data-id=\"55e5721b\" data-element_type=\"column\">\n\t\t\t<div class=\"elementor-widget-wrap elementor-element-populated\">\n\t\t\t\t\t\t<div class=\"elementor-element elementor-element-d9423fd animated-slow elementor-invisible elementor-widget elementor-widget-image\" data-id=\"d9423fd\" data-element_type=\"widget\" data-settings=\"{&quot;_animation&quot;:&quot;fadeInLeft&quot;}\" data-widget_type=\"image.default\">\n\t\t\t\t<div class=\"elementor-widget-container\">\n\t\t\t\t\t\t\t\t\t\t\t\t\t\t\t<img fetchpriority=\"high\" decoding=\"async\" width=\"800\" height=\"817\" src=\"https:\/\/www.marcoriederer.at\/blog\/wp-content\/uploads\/2016\/12\/Austria-Wien-Viktoria-Pilsen-29.9.2016-2.jpg\" class=\"attachment-large size-large wp-image-1905\" alt=\"\" srcset=\"https:\/\/www.marcoriederer.at\/blog\/wp-content\/uploads\/2016\/12\/Austria-Wien-Viktoria-Pilsen-29.9.2016-2.jpg 979w, https:\/\/www.marcoriederer.at\/blog\/wp-content\/uploads\/2016\/12\/Austria-Wien-Viktoria-Pilsen-29.9.2016-2-294x300.jpg 294w\" sizes=\"(max-width: 800px) 100vw, 800px\" \/>\t\t\t\t\t\t\t\t\t\t\t\t\t\t\t<\/div>\n\t\t\t\t<\/div>\n\t\t\t\t\t<\/div>\n\t\t<\/div>\n\t\t\t\t\t<\/div>\n\t\t<\/section>\n\t\t\t\t<section class=\"elementor-section elementor-top-section elementor-element elementor-element-70740ae2 elementor-section-content-middle elementor-section-boxed elementor-section-height-default elementor-section-height-default\" data-id=\"70740ae2\" data-element_type=\"section\">\n\t\t\t\t\t\t<div class=\"elementor-container elementor-column-gap-default\">\n\t\t\t\t\t<div class=\"elementor-column elementor-col-50 elementor-top-column elementor-element elementor-element-6e1851bd\" data-id=\"6e1851bd\" data-element_type=\"column\">\n\t\t\t<div class=\"elementor-widget-wrap elementor-element-populated\">\n\t\t\t\t\t\t<div class=\"elementor-element elementor-element-9058fec animated-slow elementor-invisible elementor-widget elementor-widget-image\" data-id=\"9058fec\" data-element_type=\"widget\" data-settings=\"{&quot;_animation&quot;:&quot;fadeInRight&quot;}\" data-widget_type=\"image.default\">\n\t\t\t\t<div class=\"elementor-widget-container\">\n\t\t\t\t\t\t\t\t\t\t\t\t\t\t\t<img decoding=\"async\" width=\"800\" height=\"600\" src=\"https:\/\/www.marcoriederer.at\/blog\/wp-content\/uploads\/2016\/06\/Island-\u00d6sterreich-EM-2016-1024x768.jpg\" class=\"attachment-large size-large wp-image-1443\" alt=\"\" srcset=\"https:\/\/www.marcoriederer.at\/blog\/wp-content\/uploads\/2016\/06\/Island-\u00d6sterreich-EM-2016-1024x768.jpg 1024w, https:\/\/www.marcoriederer.at\/blog\/wp-content\/uploads\/2016\/06\/Island-\u00d6sterreich-EM-2016-300x225.jpg 300w, https:\/\/www.marcoriederer.at\/blog\/wp-content\/uploads\/2016\/06\/Island-\u00d6sterreich-EM-2016.jpg 1296w\" sizes=\"(max-width: 800px) 100vw, 800px\" \/>\t\t\t\t\t\t\t\t\t\t\t\t\t\t\t<\/div>\n\t\t\t\t<\/div>\n\t\t\t\t\t<\/div>\n\t\t<\/div>\n\t\t\t\t<div class=\"elementor-column elementor-col-50 elementor-top-column elementor-element elementor-element-4d302649\" data-id=\"4d302649\" data-element_type=\"column\">\n\t\t\t<div class=\"elementor-widget-wrap elementor-element-populated\">\n\t\t\t\t\t\t<div class=\"elementor-element elementor-element-b8adf38 elementor-widget elementor-widget-heading\" data-id=\"b8adf38\" data-element_type=\"widget\" data-widget_type=\"heading.default\">\n\t\t\t\t<div class=\"elementor-widget-container\">\n\t\t\t\t\t<h2 class=\"elementor-heading-title elementor-size-default\">Schau vorbei und erlebe Fu\u00dfball aus meiner Perspektive!<\/h2>\t\t\t\t<\/div>\n\t\t\t\t<\/div>\n\t\t\t\t<div class=\"elementor-element elementor-element-4d1debd6 elementor-widget elementor-widget-text-editor\" data-id=\"4d1debd6\" data-element_type=\"widget\" data-widget_type=\"text-editor.default\">\n\t\t\t\t<div class=\"elementor-widget-container\">\n\t\t\t\t\t\t\t\t\t<div data-pm-slice=\"1 1 []\" data-en-clipboard=\"true\">Auf Vereinsebene schl\u00e4gt mein Herz violett f\u00fcr die Austria und tiefschwarz-wei\u00df f\u00fcr Bregenz. Diese Vereine sind nicht nur Sportklubs, sondern echte Herzensangelegenheiten. Gleichzeitig habe ich gro\u00dfen Respekt vor Traditionsklubs wie Austria Salzburg und deren Fans, die den Fu\u00dfballgeist lebendig halten. Red Bull und Bayern M\u00fcnchen hingegen? Nun, sagen wir, sie stehen nicht ganz oben auf meiner Favoritenliste.<\/div><div>Hier teile ich Spielberichte, Analysen, pers\u00f6nliche Erlebnisse und Kommentare \u2013 von emotionalen Momenten in der Fankurve bis hin zu spannenden Ausw\u00e4rtsreisen. Und falls es dich interessiert, Nachberichte zu \u00e4lteren Spielen tauchen hier in unregelm\u00e4\u00dfigen Abst\u00e4nden auf.<\/div>\t\t\t\t\t\t\t\t<\/div>\n\t\t\t\t<\/div>\n\t\t\t\t\t<\/div>\n\t\t<\/div>\n\t\t\t\t\t<\/div>\n\t\t<\/section>\n\t\t\t\t<section class=\"elementor-section elementor-top-section elementor-element elementor-element-233ef24a animated-slow elementor-section-boxed elementor-section-height-default elementor-section-height-default elementor-invisible\" data-id=\"233ef24a\" data-element_type=\"section\" data-settings=\"{&quot;animation&quot;:&quot;fadeInUp&quot;}\">\n\t\t\t\t\t\t<div class=\"elementor-container elementor-column-gap-default\">\n\t\t\t\t\t<div class=\"elementor-column elementor-col-100 elementor-top-column elementor-element elementor-element-1e490ef8\" data-id=\"1e490ef8\" data-element_type=\"column\">\n\t\t\t<div class=\"elementor-widget-wrap elementor-element-populated\">\n\t\t\t\t\t\t<div class=\"elementor-element elementor-element-5cbb68cb elementor-posts--align-left elementor-grid-3 elementor-grid-tablet-2 elementor-grid-mobile-1 elementor-posts--thumbnail-top elementor-widget elementor-widget-posts\" data-id=\"5cbb68cb\" data-element_type=\"widget\" data-settings=\"{&quot;classic_row_gap&quot;:{&quot;unit&quot;:&quot;px&quot;,&quot;size&quot;:30,&quot;sizes&quot;:[]},&quot;pagination_type&quot;:&quot;numbers_and_prev_next&quot;,&quot;_animation&quot;:&quot;none&quot;,&quot;classic_columns&quot;:&quot;3&quot;,&quot;classic_columns_tablet&quot;:&quot;2&quot;,&quot;classic_columns_mobile&quot;:&quot;1&quot;,&quot;classic_row_gap_tablet&quot;:{&quot;unit&quot;:&quot;px&quot;,&quot;size&quot;:&quot;&quot;,&quot;sizes&quot;:[]},&quot;classic_row_gap_mobile&quot;:{&quot;unit&quot;:&quot;px&quot;,&quot;size&quot;:&quot;&quot;,&quot;sizes&quot;:[]}}\" data-widget_type=\"posts.classic\">\n\t\t\t\t<div class=\"elementor-widget-container\">\n\t\t\t\t\t\t\t<div class=\"elementor-posts-container elementor-posts elementor-posts--skin-classic elementor-grid\" role=\"list\">\n\t\t\t\t<article class=\"elementor-post elementor-grid-item post-3177 post type-post status-publish format-standard has-post-thumbnail hentry category-austria-wien category-fussball tag-austria-wien tag-oefb-cup tag-sturm-graz\" role=\"listitem\">\n\t\t\t\t<a class=\"elementor-post__thumbnail__link\" href=\"https:\/\/www.marcoriederer.at\/blog\/2025\/02\/06\/ein-abend-voller-emotionen-austria-wien-stuermt-ins-cup-halbfinale\/\" tabindex=\"-1\" target=&quot;_blank&quot;>\n\t\t\t<div class=\"elementor-post__thumbnail\"><img decoding=\"async\" width=\"2000\" height=\"1222\" src=\"https:\/\/www.marcoriederer.at\/blog\/wp-content\/uploads\/2025\/02\/2025.02.01_Sturm-Austria_08.jpg\" class=\"attachment-medium_large size-medium_large wp-image-3186\" alt=\"\" srcset=\"https:\/\/www.marcoriederer.at\/blog\/wp-content\/uploads\/2025\/02\/2025.02.01_Sturm-Austria_08.jpg 2000w, https:\/\/www.marcoriederer.at\/blog\/wp-content\/uploads\/2025\/02\/2025.02.01_Sturm-Austria_08-300x183.jpg 300w, https:\/\/www.marcoriederer.at\/blog\/wp-content\/uploads\/2025\/02\/2025.02.01_Sturm-Austria_08-1024x626.jpg 1024w, https:\/\/www.marcoriederer.at\/blog\/wp-content\/uploads\/2025\/02\/2025.02.01_Sturm-Austria_08-1536x938.jpg 1536w\" sizes=\"(max-width: 2000px) 100vw, 2000px\" \/><\/div>\n\t\t<\/a>\n\t\t\t\t<div class=\"elementor-post__text\">\n\t\t\t\t<h2 class=\"elementor-post__title\">\n\t\t\t<a href=\"https:\/\/www.marcoriederer.at\/blog\/2025\/02\/06\/ein-abend-voller-emotionen-austria-wien-stuermt-ins-cup-halbfinale\/\" target=&quot;_blank&quot;>\n\t\t\t\tEin Abend voller Emotionen \u2013 Austria Wien st\u00fcrmt ins Cup-Halbfinale\t\t\t<\/a>\n\t\t<\/h2>\n\t\t\t\t<div class=\"elementor-post__meta-data\">\n\t\t\t\t\t<span class=\"elementor-post-author\">\n\t\t\tDaaMarco\t\t<\/span>\n\t\t\t\t<span class=\"elementor-post-date\">\n\t\t\t6. Februar 2025\t\t<\/span>\n\t\t\t\t<\/div>\n\t\t\t\t<div class=\"elementor-post__excerpt\">\n\t\t\t<p>Was f\u00fcr ein Abend in Graz! Normalerweise w\u00fcrde ich (gerade,<\/p>\n\t\t<\/div>\n\t\t\t\t\t<div class=\"elementor-post__read-more-wrapper\">\n\t\t\n\t\t<a class=\"elementor-post__read-more\" href=\"https:\/\/www.marcoriederer.at\/blog\/2025\/02\/06\/ein-abend-voller-emotionen-austria-wien-stuermt-ins-cup-halbfinale\/\" aria-label=\"Mehr \u00fcber Ein Abend voller Emotionen \u2013 Austria Wien st\u00fcrmt ins Cup-Halbfinale\" tabindex=\"-1\" target=\"_blank\">\n\t\t\tweiterlesen..\t\t<\/a>\n\n\t\t\t\t\t<\/div>\n\t\t\t\t<\/div>\n\t\t\t\t<\/article>\n\t\t\t\t<article class=\"elementor-post elementor-grid-item post-2398 post type-post status-publish format-standard has-post-thumbnail hentry category-fussball category-gedanken tag-fussball tag-red-bull-salzburg tag-tradition\" role=\"listitem\">\n\t\t\t\t<a class=\"elementor-post__thumbnail__link\" href=\"https:\/\/www.marcoriederer.at\/blog\/2018\/05\/31\/warum-ich-kein-red-bull-hater-bin\/\" tabindex=\"-1\" target=&quot;_blank&quot;>\n\t\t\t<div class=\"elementor-post__thumbnail\"><img loading=\"lazy\" decoding=\"async\" width=\"1200\" height=\"800\" src=\"https:\/\/www.marcoriederer.at\/blog\/wp-content\/uploads\/2018\/05\/Red-Bull-Dose-leer.jpg\" class=\"attachment-medium_large size-medium_large wp-image-2396\" alt=\"\" srcset=\"https:\/\/www.marcoriederer.at\/blog\/wp-content\/uploads\/2018\/05\/Red-Bull-Dose-leer.jpg 1200w, https:\/\/www.marcoriederer.at\/blog\/wp-content\/uploads\/2018\/05\/Red-Bull-Dose-leer-300x200.jpg 300w, https:\/\/www.marcoriederer.at\/blog\/wp-content\/uploads\/2018\/05\/Red-Bull-Dose-leer-1024x683.jpg 1024w\" sizes=\"(max-width: 1200px) 100vw, 1200px\" \/><\/div>\n\t\t<\/a>\n\t\t\t\t<div class=\"elementor-post__text\">\n\t\t\t\t<h2 class=\"elementor-post__title\">\n\t\t\t<a href=\"https:\/\/www.marcoriederer.at\/blog\/2018\/05\/31\/warum-ich-kein-red-bull-hater-bin\/\" target=&quot;_blank&quot;>\n\t\t\t\tWarum ich kein \u201eRed Bull Hater\u201c bin\t\t\t<\/a>\n\t\t<\/h2>\n\t\t\t\t<div class=\"elementor-post__meta-data\">\n\t\t\t\t\t<span class=\"elementor-post-author\">\n\t\t\tDaaMarco\t\t<\/span>\n\t\t\t\t<span class=\"elementor-post-date\">\n\t\t\t31. Mai 2018\t\t<\/span>\n\t\t\t\t<\/div>\n\t\t\t\t<div class=\"elementor-post__excerpt\">\n\t\t\t<p>Ich hatte es also gewagt, mich \u00f6ffentlich \u00fcber den Aufstieg<\/p>\n\t\t<\/div>\n\t\t\t\t\t<div class=\"elementor-post__read-more-wrapper\">\n\t\t\n\t\t<a class=\"elementor-post__read-more\" href=\"https:\/\/www.marcoriederer.at\/blog\/2018\/05\/31\/warum-ich-kein-red-bull-hater-bin\/\" aria-label=\"Mehr \u00fcber Warum ich kein \u201eRed Bull Hater\u201c bin\" tabindex=\"-1\" target=\"_blank\">\n\t\t\tweiterlesen..\t\t<\/a>\n\n\t\t\t\t\t<\/div>\n\t\t\t\t<\/div>\n\t\t\t\t<\/article>\n\t\t\t\t<article class=\"elementor-post elementor-grid-item post-2049 post type-post status-publish format-standard has-post-thumbnail hentry category-oesterreichisches-nationalteam tag-finnland tag-fussball tag-nationalteam tag-aut\" role=\"listitem\">\n\t\t\t\t<a class=\"elementor-post__thumbnail__link\" href=\"https:\/\/www.marcoriederer.at\/blog\/2017\/03\/31\/oesterreich-finnland-11\/\" tabindex=\"-1\" target=&quot;_blank&quot;>\n\t\t\t<div class=\"elementor-post__thumbnail\"><img loading=\"lazy\" decoding=\"async\" width=\"1000\" height=\"706\" src=\"https:\/\/www.marcoriederer.at\/blog\/wp-content\/uploads\/2017\/03\/\u00d6sterreich-Finnland2017.jpg\" class=\"attachment-medium_large size-medium_large wp-image-2048\" alt=\"\" srcset=\"https:\/\/www.marcoriederer.at\/blog\/wp-content\/uploads\/2017\/03\/\u00d6sterreich-Finnland2017.jpg 1000w, https:\/\/www.marcoriederer.at\/blog\/wp-content\/uploads\/2017\/03\/\u00d6sterreich-Finnland2017-300x212.jpg 300w\" sizes=\"(max-width: 1000px) 100vw, 1000px\" \/><\/div>\n\t\t<\/a>\n\t\t\t\t<div class=\"elementor-post__text\">\n\t\t\t\t<h2 class=\"elementor-post__title\">\n\t\t\t<a href=\"https:\/\/www.marcoriederer.at\/blog\/2017\/03\/31\/oesterreich-finnland-11\/\" target=&quot;_blank&quot;>\n\t\t\t\t\u00d6sterreich &#8211; Finnland, 1:1\t\t\t<\/a>\n\t\t<\/h2>\n\t\t\t\t<div class=\"elementor-post__meta-data\">\n\t\t\t\t\t<span class=\"elementor-post-author\">\n\t\t\tDaaMarco\t\t<\/span>\n\t\t\t\t<span class=\"elementor-post-date\">\n\t\t\t31. M\u00e4rz 2017\t\t<\/span>\n\t\t\t\t<\/div>\n\t\t\t\t<div class=\"elementor-post__excerpt\">\n\t\t\t<p>Ich verpasse ja seit Jahren kein Spiel zweier A-Nationalmannschaften mit<\/p>\n\t\t<\/div>\n\t\t\t\t\t<div class=\"elementor-post__read-more-wrapper\">\n\t\t\n\t\t<a class=\"elementor-post__read-more\" href=\"https:\/\/www.marcoriederer.at\/blog\/2017\/03\/31\/oesterreich-finnland-11\/\" aria-label=\"Mehr \u00fcber \u00d6sterreich &#8211; Finnland, 1:1\" tabindex=\"-1\" target=\"_blank\">\n\t\t\tweiterlesen..\t\t<\/a>\n\n\t\t\t\t\t<\/div>\n\t\t\t\t<\/div>\n\t\t\t\t<\/article>\n\t\t\t\t<\/div>\n\t\t\n\t\t\t\t<div class=\"e-load-more-anchor\" data-page=\"1\" data-max-page=\"12\" data-next-page=\"https:\/\/www.marcoriederer.at\/blog\/wp-json\/wp\/v2\/pages\/2983\/page\/2\/\"><\/div>\n\t\t\t\t<nav class=\"elementor-pagination\" aria-label=\"Seitennummerierung\">\n\t\t\t<span class=\"page-numbers prev\">&laquo; Zur\u00fcck<\/span>\n<span aria-current=\"page\" class=\"page-numbers current\"><span class=\"elementor-screen-only\">Seite<\/span>1<\/span>\n<a class=\"page-numbers\" href=\"https:\/\/www.marcoriederer.at\/blog\/wp-json\/wp\/v2\/pages\/2983\/page\/2\/\"><span class=\"elementor-screen-only\">Seite<\/span>2<\/a>\n<a class=\"page-numbers\" href=\"https:\/\/www.marcoriederer.at\/blog\/wp-json\/wp\/v2\/pages\/2983\/page\/3\/\"><span class=\"elementor-screen-only\">Seite<\/span>3<\/a>\n<a class=\"page-numbers\" href=\"https:\/\/www.marcoriederer.at\/blog\/wp-json\/wp\/v2\/pages\/2983\/page\/4\/\"><span class=\"elementor-screen-only\">Seite<\/span>4<\/a>\n<a class=\"page-numbers\" href=\"https:\/\/www.marcoriederer.at\/blog\/wp-json\/wp\/v2\/pages\/2983\/page\/5\/\"><span class=\"elementor-screen-only\">Seite<\/span>5<\/a>\n<a class=\"page-numbers\" href=\"https:\/\/www.marcoriederer.at\/blog\/wp-json\/wp\/v2\/pages\/2983\/page\/6\/\"><span class=\"elementor-screen-only\">Seite<\/span>6<\/a>\n<a class=\"page-numbers\" href=\"https:\/\/www.marcoriederer.at\/blog\/wp-json\/wp\/v2\/pages\/2983\/page\/7\/\"><span class=\"elementor-screen-only\">Seite<\/span>7<\/a>\n<a class=\"page-numbers\" href=\"https:\/\/www.marcoriederer.at\/blog\/wp-json\/wp\/v2\/pages\/2983\/page\/8\/\"><span class=\"elementor-screen-only\">Seite<\/span>8<\/a>\n<a class=\"page-numbers\" href=\"https:\/\/www.marcoriederer.at\/blog\/wp-json\/wp\/v2\/pages\/2983\/page\/9\/\"><span class=\"elementor-screen-only\">Seite<\/span>9<\/a>\n<a class=\"page-numbers\" href=\"https:\/\/www.marcoriederer.at\/blog\/wp-json\/wp\/v2\/pages\/2983\/page\/10\/\"><span class=\"elementor-screen-only\">Seite<\/span>10<\/a>\n<a class=\"page-numbers\" href=\"https:\/\/www.marcoriederer.at\/blog\/wp-json\/wp\/v2\/pages\/2983\/page\/11\/\"><span class=\"elementor-screen-only\">Seite<\/span>11<\/a>\n<a class=\"page-numbers\" href=\"https:\/\/www.marcoriederer.at\/blog\/wp-json\/wp\/v2\/pages\/2983\/page\/12\/\"><span class=\"elementor-screen-only\">Seite<\/span>12<\/a>\n<a class=\"page-numbers next\" href=\"https:\/\/www.marcoriederer.at\/blog\/wp-json\/wp\/v2\/pages\/2983\/page\/2\/\">Weiter &raquo;<\/a>\t\t<\/nav>\n\t\t\t\t\t\t<\/div>\n\t\t\t\t<\/div>\n\t\t\t\t\t<\/div>\n\t\t<\/div>\n\t\t\t\t\t<\/div>\n\t\t<\/section>\n\t\t\t\t<\/div>\n\t\t","protected":false},"excerpt":{"rendered":"<p>Fu\u00dfball mehr als nur ein Sport &#8211; ein Lebensgef\u00fchl Leidenschaft auf und neben dem Platz Seit Jahren begleite ich die \u00f6sterreichische Nationalmannschaft zu nahezu jedem Bewerbs- und Freundschaftsspiel, oft mit meinem Vater an meiner Seite und stets im Fansektor. Diese gemeinsamen Erlebnisse sind f\u00fcr mich unbezahlbar und Teil meines pers\u00f6nlichen Fu\u00dfball-Kapitels.\u00a0\u00a0 Schau vorbei und erlebe [&hellip;]<\/p>\n","protected":false},"author":5,"featured_media":0,"parent":0,"menu_order":0,"comment_status":"closed","ping_status":"closed","template":"","meta":{"footnotes":""},"class_list":["post-2983","page","type-page","status-publish","hentry"],"_links":{"self":[{"href":"https:\/\/www.marcoriederer.at\/blog\/wp-json\/wp\/v2\/pages\/2983","targetHints":{"allow":["GET"]}}],"collection":[{"href":"https:\/\/www.marcoriederer.at\/blog\/wp-json\/wp\/v2\/pages"}],"about":[{"href":"https:\/\/www.marcoriederer.at\/blog\/wp-json\/wp\/v2\/types\/page"}],"author":[{"embeddable":true,"href":"https:\/\/www.marcoriederer.at\/blog\/wp-json\/wp\/v2\/users\/5"}],"replies":[{"embeddable":true,"href":"https:\/\/www.marcoriederer.at\/blog\/wp-json\/wp\/v2\/comments?post=2983"}],"version-history":[{"count":22,"href":"https:\/\/www.marcoriederer.at\/blog\/wp-json\/wp\/v2\/pages\/2983\/revisions"}],"predecessor-version":[{"id":3160,"href":"https:\/\/www.marcoriederer.at\/blog\/wp-json\/wp\/v2\/pages\/2983\/revisions\/3160"}],"wp:attachment":[{"href":"https:\/\/www.marcoriederer.at\/blog\/wp-json\/wp\/v2\/media?parent=2983"}],"curies":[{"name":"wp","href":"https:\/\/api.w.org\/{rel}","templated":true}]}}