{"id":2985,"date":"2025-01-14T14:35:51","date_gmt":"2025-01-14T13:35:51","guid":{"rendered":"https:\/\/www.marcoriederer.at\/blog\/?page_id=2985"},"modified":"2025-01-29T14:57:39","modified_gmt":"2025-01-29T13:57:39","slug":"reisen","status":"publish","type":"page","link":"https:\/\/www.marcoriederer.at\/blog\/reisen\/","title":{"rendered":"Reisen"},"content":{"rendered":"\t\t<div data-elementor-type=\"wp-page\" data-elementor-id=\"2985\" class=\"elementor elementor-2985\" data-elementor-post-type=\"page\">\n\t\t\t\t\t\t<section class=\"elementor-section elementor-top-section elementor-element elementor-element-6bfe7129 elementor-section-height-min-height elementor-section-boxed elementor-section-height-default elementor-section-items-middle\" data-id=\"6bfe7129\" data-element_type=\"section\">\n\t\t\t\t\t\t<div class=\"elementor-container elementor-column-gap-default\">\n\t\t\t\t\t<div class=\"elementor-column elementor-col-100 elementor-top-column elementor-element elementor-element-4d2c026d\" data-id=\"4d2c026d\" data-element_type=\"column\">\n\t\t\t<div class=\"elementor-widget-wrap elementor-element-populated\">\n\t\t\t\t\t\t<div class=\"elementor-element elementor-element-1961cc82 elementor-widget elementor-widget-heading\" data-id=\"1961cc82\" data-element_type=\"widget\" data-widget_type=\"heading.default\">\n\t\t\t\t<div class=\"elementor-widget-container\">\n\t\t\t\t\t<h1 class=\"elementor-heading-title elementor-size-default\">Reisen<\/h1>\t\t\t\t<\/div>\n\t\t\t\t<\/div>\n\t\t\t\t<div class=\"elementor-element elementor-element-5773be10 elementor-invisible elementor-widget elementor-widget-heading\" data-id=\"5773be10\" data-element_type=\"widget\" data-settings=\"{&quot;_animation&quot;:&quot;zoomIn&quot;}\" data-widget_type=\"heading.default\">\n\t\t\t\t<div class=\"elementor-widget-container\">\n\t\t\t\t\t<h2 class=\"elementor-heading-title elementor-size-default\">faszinierende Orte &amp; den Horizont erweitern <\/h2>\t\t\t\t<\/div>\n\t\t\t\t<\/div>\n\t\t\t\t\t<\/div>\n\t\t<\/div>\n\t\t\t\t\t<\/div>\n\t\t<\/section>\n\t\t\t\t<section class=\"elementor-section elementor-top-section elementor-element elementor-element-20e6562a elementor-reverse-tablet elementor-reverse-mobile elementor-section-content-middle elementor-section-boxed elementor-section-height-default elementor-section-height-default\" data-id=\"20e6562a\" data-element_type=\"section\">\n\t\t\t\t\t\t<div class=\"elementor-container elementor-column-gap-default\">\n\t\t\t\t\t<div class=\"elementor-column elementor-col-50 elementor-top-column elementor-element elementor-element-19e720c5\" data-id=\"19e720c5\" data-element_type=\"column\">\n\t\t\t<div class=\"elementor-widget-wrap elementor-element-populated\">\n\t\t\t\t\t\t<div class=\"elementor-element elementor-element-4e552421 elementor-widget elementor-widget-heading\" data-id=\"4e552421\" data-element_type=\"widget\" data-widget_type=\"heading.default\">\n\t\t\t\t<div class=\"elementor-widget-container\">\n\t\t\t\t\t<h2 class=\"elementor-heading-title elementor-size-default\">Die Welt entdecken, <br>einen Schritt nach dem anderen<\/h2>\t\t\t\t<\/div>\n\t\t\t\t<\/div>\n\t\t\t\t<div class=\"elementor-element elementor-element-7055205b elementor-widget elementor-widget-text-editor\" data-id=\"7055205b\" data-element_type=\"widget\" data-widget_type=\"text-editor.default\">\n\t\t\t\t<div class=\"elementor-widget-container\">\n\t\t\t\t\t\t\t\t\t<div data-pm-slice=\"1 1 []\" data-en-clipboard=\"true\"><div data-pm-slice=\"1 1 []\" data-en-clipboard=\"true\">Ich liebe Wien \u2013 keine Frage. Doch meine Neugier auf die Welt endet nicht an den Stadtgrenzen. Es gibt so viele faszinierende Orte und Kulturen, die darauf warten, entdeckt zu werden. Ob bekannte Metropolen oder unbekannte Sch\u00e4tze abseits der Touristenpfade \u2013 f\u00fcr mich ist Reisen die sch\u00f6nste M\u00f6glichkeit, den eigenen Horizont zu erweitern.<\/div><\/div>\t\t\t\t\t\t\t\t<\/div>\n\t\t\t\t<\/div>\n\t\t\t\t\t<\/div>\n\t\t<\/div>\n\t\t\t\t<div class=\"elementor-column elementor-col-50 elementor-top-column elementor-element elementor-element-4ecb14bb\" data-id=\"4ecb14bb\" data-element_type=\"column\">\n\t\t\t<div class=\"elementor-widget-wrap elementor-element-populated\">\n\t\t\t\t\t\t<div class=\"elementor-element elementor-element-27d21b64 animated-slow elementor-invisible elementor-widget elementor-widget-image\" data-id=\"27d21b64\" data-element_type=\"widget\" data-settings=\"{&quot;_animation&quot;:&quot;fadeInRight&quot;}\" data-widget_type=\"image.default\">\n\t\t\t\t<div class=\"elementor-widget-container\">\n\t\t\t\t\t\t\t\t\t\t\t\t\t\t\t<img fetchpriority=\"high\" decoding=\"async\" width=\"800\" height=\"542\" src=\"https:\/\/www.marcoriederer.at\/blog\/wp-content\/uploads\/2017\/09\/Wales-\u00d6sterreich_Bristol-und-Cardiff-2017-41.jpg\" class=\"attachment-large size-large wp-image-2260\" alt=\"\" srcset=\"https:\/\/www.marcoriederer.at\/blog\/wp-content\/uploads\/2017\/09\/Wales-\u00d6sterreich_Bristol-und-Cardiff-2017-41.jpg 1000w, https:\/\/www.marcoriederer.at\/blog\/wp-content\/uploads\/2017\/09\/Wales-\u00d6sterreich_Bristol-und-Cardiff-2017-41-300x203.jpg 300w\" sizes=\"(max-width: 800px) 100vw, 800px\" \/>\t\t\t\t\t\t\t\t\t\t\t\t\t\t\t<\/div>\n\t\t\t\t<\/div>\n\t\t\t\t\t<\/div>\n\t\t<\/div>\n\t\t\t\t\t<\/div>\n\t\t<\/section>\n\t\t\t\t<section class=\"elementor-section elementor-top-section elementor-element elementor-element-15372584 elementor-section-content-middle elementor-section-boxed elementor-section-height-default elementor-section-height-default\" data-id=\"15372584\" data-element_type=\"section\">\n\t\t\t\t\t\t<div class=\"elementor-container elementor-column-gap-default\">\n\t\t\t\t\t<div class=\"elementor-column elementor-col-50 elementor-top-column elementor-element elementor-element-199978b4\" data-id=\"199978b4\" data-element_type=\"column\">\n\t\t\t<div class=\"elementor-widget-wrap elementor-element-populated\">\n\t\t\t\t\t\t<div class=\"elementor-element elementor-element-41e64d1 animated-slow elementor-invisible elementor-widget elementor-widget-image\" data-id=\"41e64d1\" data-element_type=\"widget\" data-settings=\"{&quot;_animation&quot;:&quot;fadeInLeft&quot;}\" data-widget_type=\"image.default\">\n\t\t\t\t<div class=\"elementor-widget-container\">\n\t\t\t\t\t\t\t\t\t\t\t\t\t\t\t<img decoding=\"async\" width=\"800\" height=\"600\" src=\"https:\/\/www.marcoriederer.at\/blog\/wp-content\/uploads\/2017\/09\/Wales-\u00d6sterreich_Bristol-und-Cardiff-2017-47.jpg\" class=\"attachment-large size-large wp-image-2266\" alt=\"\" srcset=\"https:\/\/www.marcoriederer.at\/blog\/wp-content\/uploads\/2017\/09\/Wales-\u00d6sterreich_Bristol-und-Cardiff-2017-47.jpg 1000w, https:\/\/www.marcoriederer.at\/blog\/wp-content\/uploads\/2017\/09\/Wales-\u00d6sterreich_Bristol-und-Cardiff-2017-47-300x225.jpg 300w\" sizes=\"(max-width: 800px) 100vw, 800px\" \/>\t\t\t\t\t\t\t\t\t\t\t\t\t\t\t<\/div>\n\t\t\t\t<\/div>\n\t\t\t\t\t<\/div>\n\t\t<\/div>\n\t\t\t\t<div class=\"elementor-column elementor-col-50 elementor-top-column elementor-element elementor-element-7675f156\" data-id=\"7675f156\" data-element_type=\"column\">\n\t\t\t<div class=\"elementor-widget-wrap elementor-element-populated\">\n\t\t\t\t\t\t<div class=\"elementor-element elementor-element-4b799ceb elementor-widget elementor-widget-heading\" data-id=\"4b799ceb\" data-element_type=\"widget\" data-widget_type=\"heading.default\">\n\t\t\t\t<div class=\"elementor-widget-container\">\n\t\t\t\t\t<h2 class=\"elementor-heading-title elementor-size-default\">Schau rein und lass dich inspirieren \u2013 vielleicht findest du hier dein n\u00e4chstes Ziel!<\/h2>\t\t\t\t<\/div>\n\t\t\t\t<\/div>\n\t\t\t\t<div class=\"elementor-element elementor-element-3700935 elementor-widget elementor-widget-text-editor\" data-id=\"3700935\" data-element_type=\"widget\" data-widget_type=\"text-editor.default\">\n\t\t\t\t<div class=\"elementor-widget-container\">\n\t\t\t\t\t\t\t\t\t<div data-pm-slice=\"1 1 []\" data-en-clipboard=\"true\"><div data-pm-slice=\"1 1 []\" data-en-clipboard=\"true\">Besonders spannend finde ich L\u00e4nder, die oft im Schatten der klassischen Reiseziele stehen: Moldawien, Montenegro, Georgien oder die F\u00e4r\u00f6er Inseln \u2013 Orte, die ich oft durch die Spieltermine der \u00f6sterreichischen Nationalmannschaft kennenlernen durfte. Diese Erlebnisse verbinden meine Leidenschaften f\u00fcr Reisen und Fu\u00dfball und f\u00fchren mich immer wieder an ungew\u00f6hnliche und inspirierende Orte.<\/div><div>Auf dieser Seite teile ich meine Reiseerlebnisse, spontane Abenteuer und praktische Tipps f\u00fcr Entdecker, die abseits der ausgetretenen Pfade Neues erleben m\u00f6chten.<\/div><\/div>\t\t\t\t\t\t\t\t<\/div>\n\t\t\t\t<\/div>\n\t\t\t\t\t<\/div>\n\t\t<\/div>\n\t\t\t\t\t<\/div>\n\t\t<\/section>\n\t\t\t\t<section class=\"elementor-section elementor-top-section elementor-element elementor-element-1d9d518 animated-slow elementor-section-boxed elementor-section-height-default elementor-section-height-default elementor-invisible\" data-id=\"1d9d518\" data-element_type=\"section\" data-settings=\"{&quot;animation&quot;:&quot;fadeInUp&quot;}\">\n\t\t\t\t\t\t<div class=\"elementor-container elementor-column-gap-default\">\n\t\t\t\t\t<div class=\"elementor-column elementor-col-100 elementor-top-column elementor-element elementor-element-72fcc934\" data-id=\"72fcc934\" data-element_type=\"column\">\n\t\t\t<div class=\"elementor-widget-wrap elementor-element-populated\">\n\t\t\t\t\t\t<div class=\"elementor-element elementor-element-7e050966 elementor-posts--align-left elementor-grid-3 elementor-grid-tablet-2 elementor-grid-mobile-1 elementor-posts--thumbnail-top elementor-widget elementor-widget-posts\" data-id=\"7e050966\" data-element_type=\"widget\" data-settings=\"{&quot;classic_row_gap&quot;:{&quot;unit&quot;:&quot;px&quot;,&quot;size&quot;:30,&quot;sizes&quot;:[]},&quot;pagination_type&quot;:&quot;numbers_and_prev_next&quot;,&quot;classic_columns&quot;:&quot;3&quot;,&quot;classic_columns_tablet&quot;:&quot;2&quot;,&quot;classic_columns_mobile&quot;:&quot;1&quot;,&quot;classic_row_gap_tablet&quot;:{&quot;unit&quot;:&quot;px&quot;,&quot;size&quot;:&quot;&quot;,&quot;sizes&quot;:[]},&quot;classic_row_gap_mobile&quot;:{&quot;unit&quot;:&quot;px&quot;,&quot;size&quot;:&quot;&quot;,&quot;sizes&quot;:[]}}\" data-widget_type=\"posts.classic\">\n\t\t\t\t<div class=\"elementor-widget-container\">\n\t\t\t\t\t\t\t<div class=\"elementor-posts-container elementor-posts elementor-posts--skin-classic elementor-grid\" role=\"list\">\n\t\t\t\t<article class=\"elementor-post elementor-grid-item post-2658 post type-post status-publish format-standard hentry category-tourismusverstaendnis tag-oehv tag-touristische-veranstaltung\" role=\"listitem\">\n\t\t\t\t<div class=\"elementor-post__text\">\n\t\t\t\t<h2 class=\"elementor-post__title\">\n\t\t\t<a href=\"https:\/\/www.marcoriederer.at\/blog\/2020\/01\/14\/oehv-hotelierkongress-2020\/\" >\n\t\t\t\t\u00d6HV Hotelierkongress 2020\t\t\t<\/a>\n\t\t<\/h2>\n\t\t\t\t<div class=\"elementor-post__meta-data\">\n\t\t\t\t\t<span class=\"elementor-post-author\">\n\t\t\tDaaMarco\t\t<\/span>\n\t\t\t\t<span class=\"elementor-post-date\">\n\t\t\t14. Januar 2020\t\t<\/span>\n\t\t\t\t<\/div>\n\t\t\t\t<div class=\"elementor-post__excerpt\">\n\t\t\t<p>Der Hotelierkongress 2020 fand in in meiner zweiten Heimat Bregenz statt und widmete sich knapp 3 Tage lang der<\/p>\n\t\t<\/div>\n\t\t\n\t\t<a class=\"elementor-post__read-more\" href=\"https:\/\/www.marcoriederer.at\/blog\/2020\/01\/14\/oehv-hotelierkongress-2020\/\" aria-label=\"Mehr \u00fcber \u00d6HV Hotelierkongress 2020\" tabindex=\"-1\" >\n\t\t\tRead More...\t\t<\/a>\n\n\t\t\t\t<\/div>\n\t\t\t\t<\/article>\n\t\t\t\t<article class=\"elementor-post elementor-grid-item post-2628 post type-post status-publish format-standard has-post-thumbnail hentry category-tourismusverstaendnis tag-arbeitswelten tag-club-tourismus\" role=\"listitem\">\n\t\t\t\t<a class=\"elementor-post__thumbnail__link\" href=\"https:\/\/www.marcoriederer.at\/blog\/2019\/11\/12\/forum-zukunft-tourismus\/\" tabindex=\"-1\" >\n\t\t\t<div class=\"elementor-post__thumbnail\"><img decoding=\"async\" width=\"1000\" height=\"582\" src=\"https:\/\/www.marcoriederer.at\/blog\/wp-content\/uploads\/2019\/11\/Club-Tourismus-Vorstand-2019-e1573566757253.jpg\" class=\"attachment-medium_large size-medium_large wp-image-2631\" alt=\"\" \/><\/div>\n\t\t<\/a>\n\t\t\t\t<div class=\"elementor-post__text\">\n\t\t\t\t<h2 class=\"elementor-post__title\">\n\t\t\t<a href=\"https:\/\/www.marcoriederer.at\/blog\/2019\/11\/12\/forum-zukunft-tourismus\/\" >\n\t\t\t\tForum Zukunft Tourismus\t\t\t<\/a>\n\t\t<\/h2>\n\t\t\t\t<div class=\"elementor-post__meta-data\">\n\t\t\t\t\t<span class=\"elementor-post-author\">\n\t\t\tDaaMarco\t\t<\/span>\n\t\t\t\t<span class=\"elementor-post-date\">\n\t\t\t12. November 2019\t\t<\/span>\n\t\t\t\t<\/div>\n\t\t\t\t<div class=\"elementor-post__excerpt\">\n\t\t\t<p>Begeben Sie sich auf eine Reise zu neuen Arbeitswelten.  Unsere internationalen Referenten berichten von abweichenden Arbeitseinstellungen und Bewertungen eines Unternehmenserfolgs. Erweitern Sie Ihren Horizont bez\u00fcglich Wertewandel, Ethik und Kultur der touristischen Arbeitswelten!<\/p>\n\t\t<\/div>\n\t\t\n\t\t<a class=\"elementor-post__read-more\" href=\"https:\/\/www.marcoriederer.at\/blog\/2019\/11\/12\/forum-zukunft-tourismus\/\" aria-label=\"Mehr \u00fcber Forum Zukunft Tourismus\" tabindex=\"-1\" >\n\t\t\tRead More...\t\t<\/a>\n\n\t\t\t\t<\/div>\n\t\t\t\t<\/article>\n\t\t\t\t<article class=\"elementor-post elementor-grid-item post-2448 post type-post status-publish format-standard has-post-thumbnail hentry category-tourismusverstaendnis tag-nachhaltigkeit tag-oesterreichische-hoteliervereinigung tag-touristische-veranstaltung\" role=\"listitem\">\n\t\t\t\t<a class=\"elementor-post__thumbnail__link\" href=\"https:\/\/www.marcoriederer.at\/blog\/2019\/02\/26\/oehv-hotelierkongress-2019\/\" tabindex=\"-1\" >\n\t\t\t<div class=\"elementor-post__thumbnail\"><img loading=\"lazy\" decoding=\"async\" width=\"1000\" height=\"633\" src=\"https:\/\/www.marcoriederer.at\/blog\/wp-content\/uploads\/2019\/02\/\u00d6HV-Kongress-2019-RethinkTourism.jpg\" class=\"attachment-medium_large size-medium_large wp-image-2474\" alt=\"\" srcset=\"https:\/\/www.marcoriederer.at\/blog\/wp-content\/uploads\/2019\/02\/\u00d6HV-Kongress-2019-RethinkTourism.jpg 1000w, https:\/\/www.marcoriederer.at\/blog\/wp-content\/uploads\/2019\/02\/\u00d6HV-Kongress-2019-RethinkTourism-300x190.jpg 300w\" sizes=\"(max-width: 1000px) 100vw, 1000px\" \/><\/div>\n\t\t<\/a>\n\t\t\t\t<div class=\"elementor-post__text\">\n\t\t\t\t<h2 class=\"elementor-post__title\">\n\t\t\t<a href=\"https:\/\/www.marcoriederer.at\/blog\/2019\/02\/26\/oehv-hotelierkongress-2019\/\" >\n\t\t\t\t\u00d6HV Hotelierkongress 2019\t\t\t<\/a>\n\t\t<\/h2>\n\t\t\t\t<div class=\"elementor-post__meta-data\">\n\t\t\t\t\t<span class=\"elementor-post-author\">\n\t\t\tDaaMarco\t\t<\/span>\n\t\t\t\t<span class=\"elementor-post-date\">\n\t\t\t26. Februar 2019\t\t<\/span>\n\t\t\t\t<\/div>\n\t\t\t\t<div class=\"elementor-post__excerpt\">\n\t\t\t<p>Von 13. bis 15. J\u00e4nner 2019 fand in Villach unter dem Motto &#8222;Rethink Tourism&#8220; die Jahrestagung der \u00d6sterreichischen Hoteliervereinigung<\/p>\n\t\t<\/div>\n\t\t\n\t\t<a class=\"elementor-post__read-more\" href=\"https:\/\/www.marcoriederer.at\/blog\/2019\/02\/26\/oehv-hotelierkongress-2019\/\" aria-label=\"Mehr \u00fcber \u00d6HV Hotelierkongress 2019\" tabindex=\"-1\" >\n\t\t\tRead More...\t\t<\/a>\n\n\t\t\t\t<\/div>\n\t\t\t\t<\/article>\n\t\t\t\t<\/div>\n\t\t\n\t\t\t\t<div class=\"e-load-more-anchor\" data-page=\"1\" data-max-page=\"14\" data-next-page=\"https:\/\/www.marcoriederer.at\/blog\/wp-json\/wp\/v2\/pages\/2985\/page\/2\/\"><\/div>\n\t\t\t\t<nav class=\"elementor-pagination\" aria-label=\"Seitennummerierung\">\n\t\t\t<span class=\"page-numbers prev\">&laquo; Previous<\/span>\n<span aria-current=\"page\" class=\"page-numbers current\"><span class=\"elementor-screen-only\">Seite<\/span>1<\/span>\n<a class=\"page-numbers\" href=\"https:\/\/www.marcoriederer.at\/blog\/wp-json\/wp\/v2\/pages\/2985\/page\/2\/\"><span class=\"elementor-screen-only\">Seite<\/span>2<\/a>\n<a class=\"page-numbers\" href=\"https:\/\/www.marcoriederer.at\/blog\/wp-json\/wp\/v2\/pages\/2985\/page\/3\/\"><span class=\"elementor-screen-only\">Seite<\/span>3<\/a>\n<a class=\"page-numbers\" href=\"https:\/\/www.marcoriederer.at\/blog\/wp-json\/wp\/v2\/pages\/2985\/page\/4\/\"><span class=\"elementor-screen-only\">Seite<\/span>4<\/a>\n<a class=\"page-numbers\" href=\"https:\/\/www.marcoriederer.at\/blog\/wp-json\/wp\/v2\/pages\/2985\/page\/5\/\"><span class=\"elementor-screen-only\">Seite<\/span>5<\/a>\n<a class=\"page-numbers next\" href=\"https:\/\/www.marcoriederer.at\/blog\/wp-json\/wp\/v2\/pages\/2985\/page\/2\/\">Next &raquo;<\/a>\t\t<\/nav>\n\t\t\t\t\t\t<\/div>\n\t\t\t\t<\/div>\n\t\t\t\t\t<\/div>\n\t\t<\/div>\n\t\t\t\t\t<\/div>\n\t\t<\/section>\n\t\t\t\t<\/div>\n\t\t","protected":false},"excerpt":{"rendered":"<p>Reisen faszinierende Orte &amp; den Horizont erweitern Die Welt entdecken, einen Schritt nach dem anderen Ich liebe Wien \u2013 keine Frage. Doch meine Neugier auf die Welt endet nicht an den Stadtgrenzen. Es gibt so viele faszinierende Orte und Kulturen, die darauf warten, entdeckt zu werden. Ob bekannte Metropolen oder unbekannte Sch\u00e4tze abseits der Touristenpfade [&hellip;]<\/p>\n","protected":false},"author":5,"featured_media":0,"parent":0,"menu_order":0,"comment_status":"closed","ping_status":"closed","template":"","meta":{"footnotes":""},"class_list":["post-2985","page","type-page","status-publish","hentry"],"_links":{"self":[{"href":"https:\/\/www.marcoriederer.at\/blog\/wp-json\/wp\/v2\/pages\/2985","targetHints":{"allow":["GET"]}}],"collection":[{"href":"https:\/\/www.marcoriederer.at\/blog\/wp-json\/wp\/v2\/pages"}],"about":[{"href":"https:\/\/www.marcoriederer.at\/blog\/wp-json\/wp\/v2\/types\/page"}],"author":[{"embeddable":true,"href":"https:\/\/www.marcoriederer.at\/blog\/wp-json\/wp\/v2\/users\/5"}],"replies":[{"embeddable":true,"href":"https:\/\/www.marcoriederer.at\/blog\/wp-json\/wp\/v2\/comments?post=2985"}],"version-history":[{"count":7,"href":"https:\/\/www.marcoriederer.at\/blog\/wp-json\/wp\/v2\/pages\/2985\/revisions"}],"predecessor-version":[{"id":3142,"href":"https:\/\/www.marcoriederer.at\/blog\/wp-json\/wp\/v2\/pages\/2985\/revisions\/3142"}],"wp:attachment":[{"href":"https:\/\/www.marcoriederer.at\/blog\/wp-json\/wp\/v2\/media?parent=2985"}],"curies":[{"name":"wp","href":"https:\/\/api.w.org\/{rel}","templated":true}]}}