{"id":2987,"date":"2025-01-14T14:37:33","date_gmt":"2025-01-14T13:37:33","guid":{"rendered":"https:\/\/www.marcoriederer.at\/blog\/?page_id=2987"},"modified":"2025-01-29T14:33:59","modified_gmt":"2025-01-29T13:33:59","slug":"gedankenwelt","status":"publish","type":"page","link":"https:\/\/www.marcoriederer.at\/blog\/gedankenwelt\/","title":{"rendered":"Gedankenwelt"},"content":{"rendered":"\t\t<div data-elementor-type=\"wp-page\" data-elementor-id=\"2987\" class=\"elementor elementor-2987\" data-elementor-post-type=\"page\">\n\t\t\t\t\t\t<section class=\"elementor-section elementor-top-section elementor-element elementor-element-345e705a elementor-section-height-min-height elementor-section-boxed elementor-section-height-default elementor-section-items-middle\" data-id=\"345e705a\" data-element_type=\"section\">\n\t\t\t\t\t\t<div class=\"elementor-container elementor-column-gap-default\">\n\t\t\t\t\t<div class=\"elementor-column elementor-col-100 elementor-top-column elementor-element elementor-element-4908eea2\" data-id=\"4908eea2\" data-element_type=\"column\">\n\t\t\t<div class=\"elementor-widget-wrap elementor-element-populated\">\n\t\t\t\t\t\t<div class=\"elementor-element elementor-element-1f468f1d elementor-widget elementor-widget-heading\" data-id=\"1f468f1d\" data-element_type=\"widget\" data-widget_type=\"heading.default\">\n\t\t\t\t<div class=\"elementor-widget-container\">\n\t\t\t\t\t<h1 class=\"elementor-heading-title elementor-size-default\">Gedankenwelt<\/h1>\t\t\t\t<\/div>\n\t\t\t\t<\/div>\n\t\t\t\t<div class=\"elementor-element elementor-element-f79986b elementor-invisible elementor-widget elementor-widget-heading\" data-id=\"f79986b\" data-element_type=\"widget\" data-settings=\"{&quot;_animation&quot;:&quot;zoomIn&quot;}\" data-widget_type=\"heading.default\">\n\t\t\t\t<div class=\"elementor-widget-container\">\n\t\t\t\t\t<h2 class=\"elementor-heading-title elementor-size-default\">Durchdacht, Hinterfragt &amp; Diskutiert<\/h2>\t\t\t\t<\/div>\n\t\t\t\t<\/div>\n\t\t\t\t\t<\/div>\n\t\t<\/div>\n\t\t\t\t\t<\/div>\n\t\t<\/section>\n\t\t\t\t<section class=\"elementor-section elementor-top-section elementor-element elementor-element-1827fb4c elementor-reverse-tablet elementor-reverse-mobile elementor-section-content-middle elementor-section-boxed elementor-section-height-default elementor-section-height-default\" data-id=\"1827fb4c\" data-element_type=\"section\">\n\t\t\t\t\t\t<div class=\"elementor-container elementor-column-gap-default\">\n\t\t\t\t\t<div class=\"elementor-column elementor-col-50 elementor-top-column elementor-element elementor-element-78bde579\" data-id=\"78bde579\" data-element_type=\"column\">\n\t\t\t<div class=\"elementor-widget-wrap elementor-element-populated\">\n\t\t\t\t\t\t<div class=\"elementor-element elementor-element-3ca8f75a elementor-widget elementor-widget-heading\" data-id=\"3ca8f75a\" data-element_type=\"widget\" data-widget_type=\"heading.default\">\n\t\t\t\t<div class=\"elementor-widget-container\">\n\t\t\t\t\t<h2 class=\"elementor-heading-title elementor-size-default\">Mehr als beobachten<\/h2>\t\t\t\t<\/div>\n\t\t\t\t<\/div>\n\t\t\t\t<div class=\"elementor-element elementor-element-61254db2 elementor-widget elementor-widget-text-editor\" data-id=\"61254db2\" data-element_type=\"widget\" data-widget_type=\"text-editor.default\">\n\t\t\t\t<div class=\"elementor-widget-container\">\n\t\t\t\t\t\t\t\t\t<div data-pm-slice=\"1 1 []\" data-en-clipboard=\"true\"><div data-pm-slice=\"1 1 []\" data-en-clipboard=\"true\">Manchmal reicht es nicht, Dinge einfach nur zu beobachten \u2013 sie wollen durchdacht, hinterfragt und diskutiert werden. In der <b>Gedankenwelt<\/b> teile ich meine Ansichten zu Themen, die mich bewegen, inspirieren oder herausfordern. Ob aktuelle Ereignisse, gesellschaftliche Fragen, Buchrezensionen oder pers\u00f6nliche Reflexionen \u2013 hier ist Platz f\u00fcr das, was mir durch den Kopf geht.<\/div><\/div>\t\t\t\t\t\t\t\t<\/div>\n\t\t\t\t<\/div>\n\t\t\t\t\t<\/div>\n\t\t<\/div>\n\t\t\t\t<div class=\"elementor-column elementor-col-50 elementor-top-column elementor-element elementor-element-1490ad8e\" data-id=\"1490ad8e\" data-element_type=\"column\">\n\t\t\t<div class=\"elementor-widget-wrap elementor-element-populated\">\n\t\t\t\t\t\t<div class=\"elementor-element elementor-element-25106301 animated-slow elementor-invisible elementor-widget elementor-widget-image\" data-id=\"25106301\" data-element_type=\"widget\" data-settings=\"{&quot;_animation&quot;:&quot;fadeInRight&quot;}\" data-widget_type=\"image.default\">\n\t\t\t\t<div class=\"elementor-widget-container\">\n\t\t\t\t\t\t\t\t\t\t\t\t\t\t\t<img fetchpriority=\"high\" decoding=\"async\" width=\"800\" height=\"534\" src=\"https:\/\/www.marcoriederer.at\/blog\/wp-content\/uploads\/2025\/01\/MarcoRiederer_BOETM-Top-Seminar_Edwin-Husic-1024x683.jpg\" class=\"attachment-large size-large wp-image-3111\" alt=\"\" srcset=\"https:\/\/www.marcoriederer.at\/blog\/wp-content\/uploads\/2025\/01\/MarcoRiederer_BOETM-Top-Seminar_Edwin-Husic-1024x683.jpg 1024w, https:\/\/www.marcoriederer.at\/blog\/wp-content\/uploads\/2025\/01\/MarcoRiederer_BOETM-Top-Seminar_Edwin-Husic-300x200.jpg 300w, https:\/\/www.marcoriederer.at\/blog\/wp-content\/uploads\/2025\/01\/MarcoRiederer_BOETM-Top-Seminar_Edwin-Husic-1536x1024.jpg 1536w, https:\/\/www.marcoriederer.at\/blog\/wp-content\/uploads\/2025\/01\/MarcoRiederer_BOETM-Top-Seminar_Edwin-Husic-2048x1365.jpg 2048w\" sizes=\"(max-width: 800px) 100vw, 800px\" \/>\t\t\t\t\t\t\t\t\t\t\t\t\t\t\t<\/div>\n\t\t\t\t<\/div>\n\t\t\t\t\t<\/div>\n\t\t<\/div>\n\t\t\t\t\t<\/div>\n\t\t<\/section>\n\t\t\t\t<section class=\"elementor-section elementor-top-section elementor-element elementor-element-4c7a9547 elementor-section-content-middle elementor-section-boxed elementor-section-height-default elementor-section-height-default\" data-id=\"4c7a9547\" data-element_type=\"section\">\n\t\t\t\t\t\t<div class=\"elementor-container elementor-column-gap-default\">\n\t\t\t\t\t<div class=\"elementor-column elementor-col-50 elementor-top-column elementor-element elementor-element-52787b93\" data-id=\"52787b93\" data-element_type=\"column\">\n\t\t\t<div class=\"elementor-widget-wrap elementor-element-populated\">\n\t\t\t\t\t\t<div class=\"elementor-element elementor-element-8b4e6c0 animated-slow elementor-invisible elementor-widget elementor-widget-image\" data-id=\"8b4e6c0\" data-element_type=\"widget\" data-settings=\"{&quot;_animation&quot;:&quot;fadeInLeft&quot;}\" data-widget_type=\"image.default\">\n\t\t\t\t<div class=\"elementor-widget-container\">\n\t\t\t\t\t\t\t\t\t\t\t\t\t\t\t<img decoding=\"async\" width=\"800\" height=\"542\" src=\"https:\/\/www.marcoriederer.at\/blog\/wp-content\/uploads\/2016\/01\/nyc-new-york-city-2015-9.jpg\" class=\"attachment-large size-large wp-image-862\" alt=\"\" srcset=\"https:\/\/www.marcoriederer.at\/blog\/wp-content\/uploads\/2016\/01\/nyc-new-york-city-2015-9.jpg 800w, https:\/\/www.marcoriederer.at\/blog\/wp-content\/uploads\/2016\/01\/nyc-new-york-city-2015-9-300x203.jpg 300w, https:\/\/www.marcoriederer.at\/blog\/wp-content\/uploads\/2016\/01\/nyc-new-york-city-2015-9-768x520.jpg 768w\" sizes=\"(max-width: 800px) 100vw, 800px\" \/>\t\t\t\t\t\t\t\t\t\t\t\t\t\t\t<\/div>\n\t\t\t\t<\/div>\n\t\t\t\t\t<\/div>\n\t\t<\/div>\n\t\t\t\t<div class=\"elementor-column elementor-col-50 elementor-top-column elementor-element elementor-element-5e998d56\" data-id=\"5e998d56\" data-element_type=\"column\">\n\t\t\t<div class=\"elementor-widget-wrap elementor-element-populated\">\n\t\t\t\t\t\t<div class=\"elementor-element elementor-element-9e154e3 elementor-widget elementor-widget-heading\" data-id=\"9e154e3\" data-element_type=\"widget\" data-widget_type=\"heading.default\">\n\t\t\t\t<div class=\"elementor-widget-container\">\n\t\t\t\t\t<h2 class=\"elementor-heading-title elementor-size-default\">Meinungen, Perspektiven, Inspiration<\/h2>\t\t\t\t<\/div>\n\t\t\t\t<\/div>\n\t\t\t\t<div class=\"elementor-element elementor-element-3c876870 elementor-widget elementor-widget-text-editor\" data-id=\"3c876870\" data-element_type=\"widget\" data-widget_type=\"text-editor.default\">\n\t\t\t\t<div class=\"elementor-widget-container\">\n\t\t\t\t\t\t\t\t\t<div data-pm-slice=\"1 1 []\" data-en-clipboard=\"true\"><div data-pm-slice=\"1 1 []\" data-en-clipboard=\"true\">Ich sehe diese Seite als Raum f\u00fcr Denkanst\u00f6\u00dfe, der zum Nachdenken anregt und vielleicht sogar den ein oder anderen neuen Blickwinkel er\u00f6ffnet. Nicht immer gibt es einfache Antworten, aber genau darin liegt oft die Spannung.<\/div><div>Teile gerne auch deine Ansichten und steige ein in einen Diskurs auf Augenh\u00f6he!<\/div><\/div>\t\t\t\t\t\t\t\t<\/div>\n\t\t\t\t<\/div>\n\t\t\t\t\t<\/div>\n\t\t<\/div>\n\t\t\t\t\t<\/div>\n\t\t<\/section>\n\t\t\t\t<section class=\"elementor-section elementor-top-section elementor-element elementor-element-574fe52e animated-slow elementor-section-boxed elementor-section-height-default elementor-section-height-default elementor-invisible\" data-id=\"574fe52e\" data-element_type=\"section\" data-settings=\"{&quot;animation&quot;:&quot;fadeInUp&quot;}\">\n\t\t\t\t\t\t<div class=\"elementor-container elementor-column-gap-default\">\n\t\t\t\t\t<div class=\"elementor-column elementor-col-100 elementor-top-column elementor-element elementor-element-50ba256e\" data-id=\"50ba256e\" data-element_type=\"column\">\n\t\t\t<div class=\"elementor-widget-wrap elementor-element-populated\">\n\t\t\t\t\t\t<div class=\"elementor-element elementor-element-3c251763 elementor-posts--align-left elementor-grid-3 elementor-grid-tablet-2 elementor-grid-mobile-1 elementor-posts--thumbnail-top elementor-widget elementor-widget-posts\" data-id=\"3c251763\" data-element_type=\"widget\" data-settings=\"{&quot;classic_row_gap&quot;:{&quot;unit&quot;:&quot;px&quot;,&quot;size&quot;:30,&quot;sizes&quot;:[]},&quot;pagination_type&quot;:&quot;numbers_and_prev_next&quot;,&quot;classic_columns&quot;:&quot;3&quot;,&quot;classic_columns_tablet&quot;:&quot;2&quot;,&quot;classic_columns_mobile&quot;:&quot;1&quot;,&quot;classic_row_gap_tablet&quot;:{&quot;unit&quot;:&quot;px&quot;,&quot;size&quot;:&quot;&quot;,&quot;sizes&quot;:[]},&quot;classic_row_gap_mobile&quot;:{&quot;unit&quot;:&quot;px&quot;,&quot;size&quot;:&quot;&quot;,&quot;sizes&quot;:[]}}\" data-widget_type=\"posts.classic\">\n\t\t\t\t<div class=\"elementor-widget-container\">\n\t\t\t\t\t\t\t<div class=\"elementor-posts-container elementor-posts elementor-posts--skin-classic elementor-grid\" role=\"list\">\n\t\t\t\t<article class=\"elementor-post elementor-grid-item post-2887 post type-post status-publish format-standard has-post-thumbnail hentry category-filme-buecher-serien tag-paul-lendvai tag-rezension\" role=\"listitem\">\n\t\t\t\t<a class=\"elementor-post__thumbnail__link\" href=\"https:\/\/www.marcoriederer.at\/blog\/2024\/11\/23\/rezension-zu-ueber-die-heuchelei-von-paul-lendvai\/\" tabindex=\"-1\" >\n\t\t\t<div class=\"elementor-post__thumbnail\"><img decoding=\"async\" width=\"1500\" height=\"800\" src=\"https:\/\/www.marcoriederer.at\/blog\/wp-content\/uploads\/2024\/11\/Paul-Lendvai-Ueber-die-Heuchelei-scaled-e1732401084398.jpg\" class=\"attachment-medium_large size-medium_large wp-image-2888\" alt=\"\" \/><\/div>\n\t\t<\/a>\n\t\t\t\t<div class=\"elementor-post__text\">\n\t\t\t\t<h2 class=\"elementor-post__title\">\n\t\t\t<a href=\"https:\/\/www.marcoriederer.at\/blog\/2024\/11\/23\/rezension-zu-ueber-die-heuchelei-von-paul-lendvai\/\" >\n\t\t\t\tRezension zu \u201e\u00dcber die Heuchelei\u201c von Paul Lendvai\t\t\t<\/a>\n\t\t<\/h2>\n\t\t\t\t<div class=\"elementor-post__meta-data\">\n\t\t\t\t\t<span class=\"elementor-post-author\">\n\t\t\tDaaMarco\t\t<\/span>\n\t\t\t\t<span class=\"elementor-post-date\">\n\t\t\t23. November 2024\t\t<\/span>\n\t\t\t\t<\/div>\n\t\t\t\t<div class=\"elementor-post__excerpt\">\n\t\t\t<p>Ein Buch, so gehaltvoll und so leserlich geschrieben, dass ich es wie kaum ein Buch davon in k\u00fcrzester Zeit<\/p>\n\t\t<\/div>\n\t\t\n\t\t<a class=\"elementor-post__read-more\" href=\"https:\/\/www.marcoriederer.at\/blog\/2024\/11\/23\/rezension-zu-ueber-die-heuchelei-von-paul-lendvai\/\" aria-label=\"Mehr \u00fcber Rezension zu \u201e\u00dcber die Heuchelei\u201c von Paul Lendvai\" tabindex=\"-1\" >\n\t\t\tRead More...\t\t<\/a>\n\n\t\t\t\t<\/div>\n\t\t\t\t<\/article>\n\t\t\t\t<article class=\"elementor-post elementor-grid-item post-2398 post type-post status-publish format-standard has-post-thumbnail hentry category-fussball category-gedanken tag-fussball tag-red-bull-salzburg tag-tradition\" role=\"listitem\">\n\t\t\t\t<a class=\"elementor-post__thumbnail__link\" href=\"https:\/\/www.marcoriederer.at\/blog\/2018\/05\/31\/warum-ich-kein-red-bull-hater-bin\/\" tabindex=\"-1\" >\n\t\t\t<div class=\"elementor-post__thumbnail\"><img loading=\"lazy\" decoding=\"async\" width=\"1200\" height=\"800\" src=\"https:\/\/www.marcoriederer.at\/blog\/wp-content\/uploads\/2018\/05\/Red-Bull-Dose-leer.jpg\" class=\"attachment-medium_large size-medium_large wp-image-2396\" alt=\"\" srcset=\"https:\/\/www.marcoriederer.at\/blog\/wp-content\/uploads\/2018\/05\/Red-Bull-Dose-leer.jpg 1200w, https:\/\/www.marcoriederer.at\/blog\/wp-content\/uploads\/2018\/05\/Red-Bull-Dose-leer-300x200.jpg 300w, https:\/\/www.marcoriederer.at\/blog\/wp-content\/uploads\/2018\/05\/Red-Bull-Dose-leer-1024x683.jpg 1024w\" sizes=\"(max-width: 1200px) 100vw, 1200px\" \/><\/div>\n\t\t<\/a>\n\t\t\t\t<div class=\"elementor-post__text\">\n\t\t\t\t<h2 class=\"elementor-post__title\">\n\t\t\t<a href=\"https:\/\/www.marcoriederer.at\/blog\/2018\/05\/31\/warum-ich-kein-red-bull-hater-bin\/\" >\n\t\t\t\tWarum ich kein \u201eRed Bull Hater\u201c bin\t\t\t<\/a>\n\t\t<\/h2>\n\t\t\t\t<div class=\"elementor-post__meta-data\">\n\t\t\t\t\t<span class=\"elementor-post-author\">\n\t\t\tDaaMarco\t\t<\/span>\n\t\t\t\t<span class=\"elementor-post-date\">\n\t\t\t31. Mai 2018\t\t<\/span>\n\t\t\t\t<\/div>\n\t\t\t\t<div class=\"elementor-post__excerpt\">\n\t\t\t<p>Ich hatte es also gewagt, mich \u00f6ffentlich \u00fcber den Aufstieg von Olympique Marseille ins Europa-League-Finale und das damit verbundene<\/p>\n\t\t<\/div>\n\t\t\n\t\t<a class=\"elementor-post__read-more\" href=\"https:\/\/www.marcoriederer.at\/blog\/2018\/05\/31\/warum-ich-kein-red-bull-hater-bin\/\" aria-label=\"Mehr \u00fcber Warum ich kein \u201eRed Bull Hater\u201c bin\" tabindex=\"-1\" >\n\t\t\tRead More...\t\t<\/a>\n\n\t\t\t\t<\/div>\n\t\t\t\t<\/article>\n\t\t\t\t<article class=\"elementor-post elementor-grid-item post-1980 post type-post status-publish format-standard has-post-thumbnail hentry category-gedanken tag-dankbarkeit tag-jahresrueckblick\" role=\"listitem\">\n\t\t\t\t<a class=\"elementor-post__thumbnail__link\" href=\"https:\/\/www.marcoriederer.at\/blog\/2016\/12\/30\/jahresrueckblick-2016\/\" tabindex=\"-1\" >\n\t\t\t<div class=\"elementor-post__thumbnail\"><img loading=\"lazy\" decoding=\"async\" width=\"1000\" height=\"953\" src=\"https:\/\/www.marcoriederer.at\/blog\/wp-content\/uploads\/2016\/10\/Serbien-Oesterreich_2016-5.jpg\" class=\"attachment-medium_large size-medium_large wp-image-1730\" alt=\"\" srcset=\"https:\/\/www.marcoriederer.at\/blog\/wp-content\/uploads\/2016\/10\/Serbien-Oesterreich_2016-5.jpg 1000w, https:\/\/www.marcoriederer.at\/blog\/wp-content\/uploads\/2016\/10\/Serbien-Oesterreich_2016-5-300x286.jpg 300w\" sizes=\"(max-width: 1000px) 100vw, 1000px\" \/><\/div>\n\t\t<\/a>\n\t\t\t\t<div class=\"elementor-post__text\">\n\t\t\t\t<h2 class=\"elementor-post__title\">\n\t\t\t<a href=\"https:\/\/www.marcoriederer.at\/blog\/2016\/12\/30\/jahresrueckblick-2016\/\" >\n\t\t\t\tJahresr\u00fcckblick 2016\t\t\t<\/a>\n\t\t<\/h2>\n\t\t\t\t<div class=\"elementor-post__meta-data\">\n\t\t\t\t\t<span class=\"elementor-post-author\">\n\t\t\tDaaMarco\t\t<\/span>\n\t\t\t\t<span class=\"elementor-post-date\">\n\t\t\t30. Dezember 2016\t\t<\/span>\n\t\t\t\t<\/div>\n\t\t\t\t<div class=\"elementor-post__excerpt\">\n\t\t\t<p>Jahr abhaken und auf 2017 hoffen ist immer einfach und gef\u00fchlt machen dies 90 Prozent der Personen in meinem<\/p>\n\t\t<\/div>\n\t\t\n\t\t<a class=\"elementor-post__read-more\" href=\"https:\/\/www.marcoriederer.at\/blog\/2016\/12\/30\/jahresrueckblick-2016\/\" aria-label=\"Mehr \u00fcber Jahresr\u00fcckblick 2016\" tabindex=\"-1\" >\n\t\t\tRead More...\t\t<\/a>\n\n\t\t\t\t<\/div>\n\t\t\t\t<\/article>\n\t\t\t\t<\/div>\n\t\t\n\t\t\t\t<div class=\"e-load-more-anchor\" data-page=\"1\" data-max-page=\"10\" data-next-page=\"https:\/\/www.marcoriederer.at\/blog\/wp-json\/wp\/v2\/pages\/2987\/page\/2\/\"><\/div>\n\t\t\t\t<nav class=\"elementor-pagination\" aria-label=\"Seitennummerierung\">\n\t\t\t<span class=\"page-numbers prev\">&laquo; Previous<\/span>\n<span aria-current=\"page\" class=\"page-numbers current\"><span class=\"elementor-screen-only\">Seite<\/span>1<\/span>\n<a class=\"page-numbers\" href=\"https:\/\/www.marcoriederer.at\/blog\/wp-json\/wp\/v2\/pages\/2987\/page\/2\/\"><span class=\"elementor-screen-only\">Seite<\/span>2<\/a>\n<a class=\"page-numbers\" href=\"https:\/\/www.marcoriederer.at\/blog\/wp-json\/wp\/v2\/pages\/2987\/page\/3\/\"><span class=\"elementor-screen-only\">Seite<\/span>3<\/a>\n<a class=\"page-numbers\" href=\"https:\/\/www.marcoriederer.at\/blog\/wp-json\/wp\/v2\/pages\/2987\/page\/4\/\"><span class=\"elementor-screen-only\">Seite<\/span>4<\/a>\n<a class=\"page-numbers\" href=\"https:\/\/www.marcoriederer.at\/blog\/wp-json\/wp\/v2\/pages\/2987\/page\/5\/\"><span class=\"elementor-screen-only\">Seite<\/span>5<\/a>\n<a class=\"page-numbers next\" href=\"https:\/\/www.marcoriederer.at\/blog\/wp-json\/wp\/v2\/pages\/2987\/page\/2\/\">Next &raquo;<\/a>\t\t<\/nav>\n\t\t\t\t\t\t<\/div>\n\t\t\t\t<\/div>\n\t\t\t\t\t<\/div>\n\t\t<\/div>\n\t\t\t\t\t<\/div>\n\t\t<\/section>\n\t\t\t\t<\/div>\n\t\t","protected":false},"excerpt":{"rendered":"<p>Gedankenwelt Durchdacht, Hinterfragt &amp; Diskutiert Mehr als beobachten Manchmal reicht es nicht, Dinge einfach nur zu beobachten \u2013 sie wollen durchdacht, hinterfragt und diskutiert werden. In der Gedankenwelt teile ich meine Ansichten zu Themen, die mich bewegen, inspirieren oder herausfordern. Ob aktuelle Ereignisse, gesellschaftliche Fragen, Buchrezensionen oder pers\u00f6nliche Reflexionen \u2013 hier ist Platz f\u00fcr das, [&hellip;]<\/p>\n","protected":false},"author":5,"featured_media":0,"parent":0,"menu_order":0,"comment_status":"closed","ping_status":"closed","template":"","meta":{"footnotes":""},"class_list":["post-2987","page","type-page","status-publish","hentry"],"_links":{"self":[{"href":"https:\/\/www.marcoriederer.at\/blog\/wp-json\/wp\/v2\/pages\/2987","targetHints":{"allow":["GET"]}}],"collection":[{"href":"https:\/\/www.marcoriederer.at\/blog\/wp-json\/wp\/v2\/pages"}],"about":[{"href":"https:\/\/www.marcoriederer.at\/blog\/wp-json\/wp\/v2\/types\/page"}],"author":[{"embeddable":true,"href":"https:\/\/www.marcoriederer.at\/blog\/wp-json\/wp\/v2\/users\/5"}],"replies":[{"embeddable":true,"href":"https:\/\/www.marcoriederer.at\/blog\/wp-json\/wp\/v2\/comments?post=2987"}],"version-history":[{"count":16,"href":"https:\/\/www.marcoriederer.at\/blog\/wp-json\/wp\/v2\/pages\/2987\/revisions"}],"predecessor-version":[{"id":3136,"href":"https:\/\/www.marcoriederer.at\/blog\/wp-json\/wp\/v2\/pages\/2987\/revisions\/3136"}],"wp:attachment":[{"href":"https:\/\/www.marcoriederer.at\/blog\/wp-json\/wp\/v2\/media?parent=2987"}],"curies":[{"name":"wp","href":"https:\/\/api.w.org\/{rel}","templated":true}]}}